{"id":10967,"date":"2024-03-06T12:43:54","date_gmt":"2024-03-06T12:43:54","guid":{"rendered":"https:\/\/lilycountryclub.no\/?page_id=10967"},"modified":"2026-04-17T08:00:53","modified_gmt":"2026-04-17T06:00:53","slug":"lily-country-club-nominert-wta-2026","status":"publish","type":"page","link":"https:\/\/lilycountryclub.no\/en\/lily-country-club-nominert-2026\/","title":{"rendered":"Lily Country Club is nominated \u2013 WTA 2026"},"content":{"rendered":"<div data-elementor-type=\"wp-page\" data-elementor-id=\"10967\" class=\"elementor elementor-10967\" data-elementor-post-type=\"page\">\n\t\t\t\t\t\t<section class=\"elementor-section elementor-top-section elementor-element elementor-element-79167f1e single-package custom-client-section elementor-section-boxed elementor-section-height-default elementor-section-height-default\" data-id=\"79167f1e\" data-element_type=\"section\" data-settings=\"{&quot;background_background&quot;:&quot;classic&quot;}\">\n\t\t\t\t\t\t<div class=\"elementor-container elementor-column-gap-default\">\n\t\t\t\t\t<article class=\"elementor-column elementor-col-50 elementor-top-column elementor-element elementor-element-3e242f8b\" data-id=\"3e242f8b\" data-element_type=\"column\">\n\t\t\t<div class=\"elementor-widget-wrap elementor-element-populated\">\n\t\t\t\t\t\t<div class=\"elementor-element elementor-element-74932e9 elementor-widget__width-initial elementor-widget-mobile__width-initial elementor-widget elementor-widget-text-editor\" data-id=\"74932e9\" data-element_type=\"widget\" data-widget_type=\"text-editor.default\">\n\t\t\t\t<div class=\"elementor-widget-container\">\n\t\t\t\t\t\t\t\t\t<p><strong>We are incredibly proud to be nominated in three categories in the World Travel Awards 2026.<\/strong><\/p><p><strong>We hope you will help us move forward! Vote here:\u00a0<br \/><br \/><\/strong><\/p><p><strong><a href=\"https:\/\/worldgolfawards.com\/award\/norway-best-golf-hotel\/2026\" target=\"_blank\" rel=\"noopener\">\u2022 Vote for Norway&#039;s Best Golf Hotel 2026<\/a><br \/><a href=\"https:\/\/www.worldtravelawards.com\/vote-for-lily-country-club-norways-leading-resort-2026\" target=\"_blank\" rel=\"noopener\">\u2022 Vote for Norway&#039;s Leading Resort 2026<\/a><br \/><\/strong><strong><a href=\"https:\/\/www.worldtravelawards.com\/vote-for-lily-country-club-norways-leading-conference-hotel-2026\" target=\"_blank\" rel=\"noopener\">\u2022 Vote for Norway&#039;s Leading Conference Hotel 2026<\/a><\/strong><\/p><p><strong><em><br \/><\/em><em>You quickly create a profile to vote (this is to avoid fake votes).<\/em><\/strong><br \/><strong><br \/>Thank you so much to everyone who makes this possible!<\/strong><\/p>\t\t\t\t\t\t\t\t<\/div>\n\t\t\t\t<\/div>\n\t\t\t\t\t<\/div>\n\t\t<\/article>\n\t\t\t\t<div class=\"elementor-column elementor-col-50 elementor-top-column elementor-element elementor-element-2ca70af\" data-id=\"2ca70af\" data-element_type=\"column\">\n\t\t\t<div class=\"elementor-widget-wrap elementor-element-populated\">\n\t\t\t\t\t\t<div class=\"elementor-element elementor-element-4c7e46f elementor-widget__width-initial elementor-hidden-mobile elementor-widget elementor-widget-image\" data-id=\"4c7e46f\" data-element_type=\"widget\" data-widget_type=\"image.default\">\n\t\t\t\t<div class=\"elementor-widget-container\">\n\t\t\t\t\t\t\t\t\t\t\t\t\t\t\t<img fetchpriority=\"high\" decoding=\"async\" width=\"768\" height=\"967\" src=\"https:\/\/lilycountryclub.no\/wp-content\/uploads\/2026\/04\/April-nyhetsbrev-5-768x967.jpg\" class=\"attachment-medium_large size-medium_large wp-image-17549\" alt=\"\" srcset=\"https:\/\/lilycountryclub.no\/wp-content\/uploads\/2026\/04\/April-nyhetsbrev-5-768x967.jpg 768w, https:\/\/lilycountryclub.no\/wp-content\/uploads\/2026\/04\/April-nyhetsbrev-5-238x300.jpg 238w, https:\/\/lilycountryclub.no\/wp-content\/uploads\/2026\/04\/April-nyhetsbrev-5-10x12.jpg 10w, https:\/\/lilycountryclub.no\/wp-content\/uploads\/2026\/04\/April-nyhetsbrev-5.jpg 794w\" sizes=\"(max-width: 768px) 100vw, 768px\" \/>\t\t\t\t\t\t\t\t\t\t\t\t\t\t\t<\/div>\n\t\t\t\t<\/div>\n\t\t\t\t\t<\/div>\n\t\t<\/div>\n\t\t\t\t\t<\/div>\n\t\t<\/section>\n\t\t<div class=\"elementor-element elementor-element-e7fd868 e-flex e-con-boxed e-con e-parent\" data-id=\"e7fd868\" data-element_type=\"container\">\n\t\t\t\t\t<div class=\"e-con-inner\">\n\t\t\t\t<div class=\"elementor-element elementor-element-651a704 elementor-hidden-desktop elementor-widget elementor-widget-image\" data-id=\"651a704\" data-element_type=\"widget\" data-widget_type=\"image.default\">\n\t\t\t\t<div class=\"elementor-widget-container\">\n\t\t\t\t\t\t\t\t\t\t\t\t\t\t\t<img decoding=\"async\" width=\"800\" height=\"498\" src=\"https:\/\/lilycountryclub.no\/wp-content\/uploads\/2026\/04\/Exterior-Golf-1-e1775425729672-1024x637.jpg\" class=\"attachment-large size-large wp-image-17259\" alt=\"\" srcset=\"https:\/\/lilycountryclub.no\/wp-content\/uploads\/2026\/04\/Exterior-Golf-1-e1775425729672-1024x637.jpg 1024w, https:\/\/lilycountryclub.no\/wp-content\/uploads\/2026\/04\/Exterior-Golf-1-e1775425729672-300x187.jpg 300w, https:\/\/lilycountryclub.no\/wp-content\/uploads\/2026\/04\/Exterior-Golf-1-e1775425729672-768x478.jpg 768w, https:\/\/lilycountryclub.no\/wp-content\/uploads\/2026\/04\/Exterior-Golf-1-e1775425729672-18x12.jpg 18w, https:\/\/lilycountryclub.no\/wp-content\/uploads\/2026\/04\/Exterior-Golf-1-e1775425729672.jpg 1444w\" sizes=\"(max-width: 800px) 100vw, 800px\" \/>\t\t\t\t\t\t\t\t\t\t\t\t\t\t\t<\/div>\n\t\t\t\t<\/div>\n\t\t\t\t\t<\/div>\n\t\t\t\t<\/div>\n\t\t\t\t<section class=\"elementor-section elementor-top-section elementor-element elementor-element-ef0a43 custom-client-section elementor-section-boxed elementor-section-height-default elementor-section-height-default\" data-id=\"ef0a43\" data-element_type=\"section\" data-settings=\"{&quot;background_background&quot;:&quot;classic&quot;}\">\n\t\t\t\t\t\t<div class=\"elementor-container elementor-column-gap-no\">\n\t\t\t\t\t<div class=\"elementor-column elementor-col-100 elementor-top-column elementor-element elementor-element-4b318b35\" data-id=\"4b318b35\" data-element_type=\"column\" data-settings=\"{&quot;background_background&quot;:&quot;classic&quot;}\">\n\t\t\t<div class=\"elementor-widget-wrap elementor-element-populated\">\n\t\t\t\t\t\t<section class=\"elementor-section elementor-inner-section elementor-element elementor-element-106c00a1 elementor-section-full_width elementor-reverse-tablet elementor-reverse-mobile elementor-section-height-default elementor-section-height-default\" data-id=\"106c00a1\" data-element_type=\"section\">\n\t\t\t\t\t\t<div class=\"elementor-container elementor-column-gap-no\">\n\t\t\t\t\t<div class=\"elementor-column elementor-col-50 elementor-inner-column elementor-element elementor-element-166e0376\" data-id=\"166e0376\" data-element_type=\"column\">\n\t\t\t<div class=\"elementor-widget-wrap elementor-element-populated\">\n\t\t\t\t\t\t<div class=\"elementor-element elementor-element-3565c2b3 elementor-widget elementor-widget-heading\" data-id=\"3565c2b3\" data-element_type=\"widget\" data-widget_type=\"heading.default\">\n\t\t\t\t<div class=\"elementor-widget-container\">\n\t\t\t\t\t<h5 class=\"elementor-heading-title elementor-size-default\">Multiple nominations and trophies in the World Travel Awards and World Golf Awards over the years.<\/h5>\t\t\t\t<\/div>\n\t\t\t\t<\/div>\n\t\t\t\t<div class=\"elementor-element elementor-element-4cac852a weight-normal elementor-widget elementor-widget-text-editor\" data-id=\"4cac852a\" data-element_type=\"widget\" data-widget_type=\"text-editor.default\">\n\t\t\t\t<div class=\"elementor-widget-container\">\n\t\t\t\t\t\t\t\t\t<p data-pm-slice=\"1 1 []\">Lily Country Club was nominated in two categories at the World Travel Awards in 2024 and 2025.<\/p><p>In 2024, we were nominated in the category Norway&#039;s Leading Resort and won the award as Norway&#039;s Leading Conference Hotel.<\/p><p>In 2025, we also won the award as Norway&#039;s Leading Golf Hotel at the World Golf Awards.<\/p>\t\t\t\t\t\t\t\t<\/div>\n\t\t\t\t<\/div>\n\t\t\t\t\t<\/div>\n\t\t<\/div>\n\t\t\t\t<div class=\"elementor-column elementor-col-50 elementor-inner-column elementor-element elementor-element-61dd2fc6\" data-id=\"61dd2fc6\" data-element_type=\"column\">\n\t\t\t<div class=\"elementor-widget-wrap elementor-element-populated\">\n\t\t\t\t\t\t<div class=\"elementor-element elementor-element-6540a28e elementor-widget elementor-widget-image\" data-id=\"6540a28e\" data-element_type=\"widget\" data-widget_type=\"image.default\">\n\t\t\t\t<div class=\"elementor-widget-container\">\n\t\t\t\t\t\t\t\t\t\t\t\t<figure class=\"wp-caption\">\n\t\t\t\t\t\t\t\t\t\t<img decoding=\"async\" width=\"530\" height=\"353\" src=\"https:\/\/lilycountryclub.no\/wp-content\/uploads\/2024\/03\/WTA-utdeling-i-Berlin-530x353-1.jpeg\" class=\"attachment-large size-large wp-image-11092\" alt=\"\" srcset=\"https:\/\/lilycountryclub.no\/wp-content\/uploads\/2024\/03\/WTA-utdeling-i-Berlin-530x353-1.jpeg 530w, https:\/\/lilycountryclub.no\/wp-content\/uploads\/2024\/03\/WTA-utdeling-i-Berlin-530x353-1-300x200.jpeg 300w, https:\/\/lilycountryclub.no\/wp-content\/uploads\/2024\/03\/WTA-utdeling-i-Berlin-530x353-1-18x12.jpeg 18w\" sizes=\"(max-width: 530px) 100vw, 530px\" \/>\t\t\t\t\t\t\t\t\t\t\t<figcaption class=\"widget-image-caption wp-caption-text\">From the left: prize givers from the WTA, Bente Sollien, Stefan Sk\u00f6ldmo, Christian Eriksson, Christopher Gundersen and a representative from the WTA.<\/figcaption>\n\t\t\t\t\t\t\t\t\t\t<\/figure>\n\t\t\t\t\t\t\t\t\t<\/div>\n\t\t\t\t<\/div>\n\t\t\t\t\t<\/div>\n\t\t<\/div>\n\t\t\t\t\t<\/div>\n\t\t<\/section>\n\t\t\t\t<div class=\"elementor-element elementor-element-0be55f9 elementor-widget elementor-widget-image\" data-id=\"0be55f9\" data-element_type=\"widget\" data-widget_type=\"image.default\">\n\t\t\t\t<div class=\"elementor-widget-container\">\n\t\t\t\t\t\t\t\t\t\t\t\t\t\t\t<img loading=\"lazy\" decoding=\"async\" width=\"300\" height=\"102\" src=\"https:\/\/lilycountryclub.no\/wp-content\/uploads\/2025\/11\/Awards_Logoer-300x102.png\" class=\"attachment-medium size-medium wp-image-16111\" alt=\"\" srcset=\"https:\/\/lilycountryclub.no\/wp-content\/uploads\/2025\/11\/Awards_Logoer-300x102.png 300w, https:\/\/lilycountryclub.no\/wp-content\/uploads\/2025\/11\/Awards_Logoer-768x261.png 768w, https:\/\/lilycountryclub.no\/wp-content\/uploads\/2025\/11\/Awards_Logoer-18x6.png 18w, https:\/\/lilycountryclub.no\/wp-content\/uploads\/2025\/11\/Awards_Logoer.png 831w\" sizes=\"(max-width: 300px) 100vw, 300px\" \/>\t\t\t\t\t\t\t\t\t\t\t\t\t\t\t<\/div>\n\t\t\t\t<\/div>\n\t\t\t\t\t<\/div>\n\t\t<\/div>\n\t\t\t\t\t<\/div>\n\t\t<\/section>\n\t\t\t\t<\/div>","protected":false},"excerpt":{"rendered":"<p>Vi er utrolig stolte over \u00e5 v\u00e6re nominert i hele tre kategorier i World Travel Awards 2026. Vi h\u00e5per du vil v\u00e6re med \u00e5 l\u00f8fte oss videre! Stem her:\u00a0 \u2022 Stem p\u00e5 Norway&#8217;s Best Golf Hotel 2026\u2022 Stem p\u00e5 Norway&#8217;s Leading Resort 2026\u2022 Stem p\u00e5 for Norway&#8217;s Leading Conference Hotel 2026 Du oppretter raskt profil [&hellip;]<\/p>","protected":false},"author":15,"featured_media":11012,"parent":0,"menu_order":1,"comment_status":"closed","ping_status":"closed","template":"elementor_header_footer","meta":{"_acf_changed":false,"footnotes":""},"categories":[],"tags":[],"class_list":["post-10967","page","type-page","status-publish","has-post-thumbnail","hentry"],"acf":[],"_links":{"self":[{"href":"https:\/\/lilycountryclub.no\/en\/wp-json\/wp\/v2\/pages\/10967","targetHints":{"allow":["GET"]}}],"collection":[{"href":"https:\/\/lilycountryclub.no\/en\/wp-json\/wp\/v2\/pages"}],"about":[{"href":"https:\/\/lilycountryclub.no\/en\/wp-json\/wp\/v2\/types\/page"}],"author":[{"embeddable":true,"href":"https:\/\/lilycountryclub.no\/en\/wp-json\/wp\/v2\/users\/15"}],"replies":[{"embeddable":true,"href":"https:\/\/lilycountryclub.no\/en\/wp-json\/wp\/v2\/comments?post=10967"}],"version-history":[{"count":210,"href":"https:\/\/lilycountryclub.no\/en\/wp-json\/wp\/v2\/pages\/10967\/revisions"}],"predecessor-version":[{"id":17553,"href":"https:\/\/lilycountryclub.no\/en\/wp-json\/wp\/v2\/pages\/10967\/revisions\/17553"}],"wp:featuredmedia":[{"embeddable":true,"href":"https:\/\/lilycountryclub.no\/en\/wp-json\/wp\/v2\/media\/11012"}],"wp:attachment":[{"href":"https:\/\/lilycountryclub.no\/en\/wp-json\/wp\/v2\/media?parent=10967"}],"wp:term":[{"taxonomy":"category","embeddable":true,"href":"https:\/\/lilycountryclub.no\/en\/wp-json\/wp\/v2\/categories?post=10967"},{"taxonomy":"post_tag","embeddable":true,"href":"https:\/\/lilycountryclub.no\/en\/wp-json\/wp\/v2\/tags?post=10967"}],"curies":[{"name":"wp","href":"https:\/\/api.w.org\/{rel}","templated":true}]}}