{"id":9527,"date":"2023-02-16T09:18:15","date_gmt":"2023-02-16T09:18:15","guid":{"rendered":"https:\/\/lilycountryclub.no\/?page_id=9527"},"modified":"2024-10-07T10:58:33","modified_gmt":"2024-10-07T08:58:33","slug":"husregler","status":"publish","type":"page","link":"https:\/\/lilycountryclub.no\/en\/husregler\/","title":{"rendered":"House rules"},"content":{"rendered":"<div data-elementor-type=\"wp-page\" data-elementor-id=\"9527\" class=\"elementor elementor-9527\" data-elementor-post-type=\"page\">\n\t\t\t\t\t\t<section class=\"elementor-section elementor-top-section elementor-element elementor-element-64b1f36 custom-client-banner-section elementor-section-boxed elementor-section-height-default elementor-section-height-default\" data-id=\"64b1f36\" data-element_type=\"section\">\n\t\t\t\t\t\t<div class=\"elementor-container elementor-column-gap-no\">\n\t\t\t\t\t<div class=\"elementor-column elementor-col-100 elementor-top-column elementor-element elementor-element-46e86110\" data-id=\"46e86110\" data-element_type=\"column\">\n\t\t\t<div class=\"elementor-widget-wrap elementor-element-populated\">\n\t\t\t\t\t\t<section class=\"elementor-section elementor-inner-section elementor-element elementor-element-19ff1250 elementor-section-full_width elementor-section-height-min-height bg-linear-shadow middle-bgcover elementor-section-height-default\" data-id=\"19ff1250\" data-element_type=\"section\" data-settings=\"{&quot;background_background&quot;:&quot;classic&quot;}\">\n\t\t\t\t\t\t<div class=\"elementor-container elementor-column-gap-no\">\n\t\t\t\t\t<div class=\"elementor-column elementor-col-50 elementor-inner-column elementor-element elementor-element-3ab251b8\" data-id=\"3ab251b8\" data-element_type=\"column\">\n\t\t\t<div class=\"elementor-widget-wrap elementor-element-populated\">\n\t\t\t\t\t\t<div class=\"elementor-element elementor-element-2c1a2a50 elementor-widget elementor-widget-heading\" data-id=\"2c1a2a50\" data-element_type=\"widget\" data-widget_type=\"heading.default\">\n\t\t\t\t<div class=\"elementor-widget-container\">\n\t\t\t\t\t<h1 class=\"elementor-heading-title elementor-size-default\">House rules<\/h1>\t\t\t\t<\/div>\n\t\t\t\t<\/div>\n\t\t\t\t<div class=\"elementor-element elementor-element-25ee8a41 elementor-widget elementor-widget-heading\" data-id=\"25ee8a41\" data-element_type=\"widget\" data-widget_type=\"heading.default\">\n\t\t\t\t<div class=\"elementor-widget-container\">\n\t\t\t\t\t<h3 class=\"elementor-heading-title elementor-size-default\">The country club<\/h3>\t\t\t\t<\/div>\n\t\t\t\t<\/div>\n\t\t\t\t<div class=\"elementor-element elementor-element-3ce562f elementor-widget__width-auto elementor-widget-mobile__width-inherit elementor-widget elementor-widget-template\" data-id=\"3ce562f\" data-element_type=\"widget\" data-widget_type=\"template.default\">\n\t\t\t\t<div class=\"elementor-widget-container\">\n\t\t\t\t\t\t\t<div class=\"elementor-template\">\n\t\t\t\t\t<div data-elementor-type=\"container\" data-elementor-id=\"12738\" class=\"elementor elementor-12738\" data-elementor-post-type=\"elementor_library\">\n\t\t\t\t<div class=\"elementor-element elementor-element-626f5aa elementor-hidden-desktop e-flex e-con-boxed e-con e-parent\" data-id=\"626f5aa\" data-element_type=\"container\">\n\t\t\t\t\t<div class=\"e-con-inner\">\n\t\t\t\t<div class=\"elementor-element elementor-element-3a65fe7 elementor-mobile-align-justify elementor-widget elementor-widget-button\" data-id=\"3a65fe7\" data-element_type=\"widget\" data-widget_type=\"button.default\">\n\t\t\t\t<div class=\"elementor-widget-container\">\n\t\t\t\t\t\t\t\t\t<div class=\"elementor-button-wrapper\">\n\t\t\t\t\t<a class=\"elementor-button elementor-button-link elementor-size-sm\" href=\"https:\/\/book.lilycountryclub.no\/?wid=e74cb33f-657d-4b8a-95dd-d20f2cf8d32e&#038;lang=nb-NO\" target=\"_blank\">\n\t\t\t\t\t\t<span class=\"elementor-button-content-wrapper\">\n\t\t\t\t\t\t\t\t\t<span class=\"elementor-button-text\">Book a room<\/span>\n\t\t\t\t\t<\/span>\n\t\t\t\t\t<\/a>\n\t\t\t\t<\/div>\n\t\t\t\t\t\t\t\t<\/div>\n\t\t\t\t<\/div>\n\t\t\t\t\t<\/div>\n\t\t\t\t<\/div>\n\t\t\t\t<\/div>\n\t\t\t\t<\/div>\n\t\t\t\t\t\t<\/div>\n\t\t\t\t<\/div>\n\t\t\t\t\t<\/div>\n\t\t<\/div>\n\t\t\t\t<div class=\"elementor-column elementor-col-50 elementor-inner-column elementor-element elementor-element-7527ea67 elementor-hidden-tablet elementor-hidden-mobile\" data-id=\"7527ea67\" data-element_type=\"column\">\n\t\t\t<div class=\"elementor-widget-wrap elementor-element-populated\">\n\t\t\t\t\t\t<div class=\"elementor-element elementor-element-68c28887 elementor-widget elementor-widget-spacer\" data-id=\"68c28887\" data-element_type=\"widget\" data-widget_type=\"spacer.default\">\n\t\t\t\t<div class=\"elementor-widget-container\">\n\t\t\t\t\t\t\t<div class=\"elementor-spacer\">\n\t\t\t<div class=\"elementor-spacer-inner\"><\/div>\n\t\t<\/div>\n\t\t\t\t\t\t<\/div>\n\t\t\t\t<\/div>\n\t\t\t\t\t<\/div>\n\t\t<\/div>\n\t\t\t\t\t<\/div>\n\t\t<\/section>\n\t\t\t\t<div class=\"elementor-element elementor-element-986c0b4 elementor-widget__width-auto elementor-absolute elementor-widget elementor-widget-template\" data-id=\"986c0b4\" data-element_type=\"widget\" data-settings=\"{&quot;_position&quot;:&quot;absolute&quot;}\" data-widget_type=\"template.default\">\n\t\t\t\t<div class=\"elementor-widget-container\">\n\t\t\t\t\t\t\t<div class=\"elementor-template\">\n\t\t\t\t\t<div data-elementor-type=\"container\" data-elementor-id=\"12742\" class=\"elementor elementor-12742\" data-elementor-post-type=\"elementor_library\">\n\t\t\t\t<div class=\"elementor-element elementor-element-aa7a9fc elementor-hidden-tablet elementor-hidden-mobile e-flex e-con-boxed e-con e-parent\" data-id=\"aa7a9fc\" data-element_type=\"container\">\n\t\t\t\t\t<div class=\"e-con-inner\">\n\t\t\t\t<div class=\"elementor-element elementor-element-686b194 elementor-widget elementor-widget-lh_nhr_search_widget\" data-id=\"686b194\" data-element_type=\"widget\" data-widget_type=\"lh_nhr_search_widget.default\">\n\t\t\t\t<div class=\"elementor-widget-container\">\n\t\t\t\t\t\n<div class=\"lily-search-widget\">\n   \n   \n   <div class=\"pricecalendarwidget\" data-id=\"e74cb33f-657d-4b8a-95dd-d20f2cf8d32e\" data-lang=\"en-US\" data-type=\"dropdown\"><\/div>\n<\/div>\n\n<script>\n   (function(u) {\n      var e = document.createElement(\"script\");\n      e.async = true;\n      e.src = u + \"?cb=\" + Date.now();\n      document.head.appendChild(e);\n   })('https:\/\/book.lilycountryclub.no\/assets\/widget\/widget.js')\n<\/script>\t\t\t\t<\/div>\n\t\t\t\t<\/div>\n\t\t\t\t\t<\/div>\n\t\t\t\t<\/div>\n\t\t\t\t<\/div>\n\t\t\t\t<\/div>\n\t\t\t\t\t\t<\/div>\n\t\t\t\t<\/div>\n\t\t\t\t\t<\/div>\n\t\t<\/div>\n\t\t\t\t\t<\/div>\n\t\t<\/section>\n\t\t\t\t<section class=\"elementor-section elementor-top-section elementor-element elementor-element-c41fe05 custom-client-section elementor-section-boxed elementor-section-height-default elementor-section-height-default\" data-id=\"c41fe05\" data-element_type=\"section\" data-settings=\"{&quot;background_background&quot;:&quot;classic&quot;}\">\n\t\t\t\t\t\t<div class=\"elementor-container elementor-column-gap-no\">\n\t\t\t\t\t<div class=\"elementor-column elementor-col-100 elementor-top-column elementor-element elementor-element-48dfcb94\" data-id=\"48dfcb94\" data-element_type=\"column\" data-settings=\"{&quot;background_background&quot;:&quot;classic&quot;}\">\n\t\t\t<div class=\"elementor-widget-wrap elementor-element-populated\">\n\t\t\t\t\t\t<section class=\"elementor-section elementor-inner-section elementor-element elementor-element-3824dba0 elementor-section-full_width elementor-reverse-tablet elementor-reverse-mobile elementor-section-height-default elementor-section-height-default\" data-id=\"3824dba0\" data-element_type=\"section\">\n\t\t\t\t\t\t<div class=\"elementor-container elementor-column-gap-no\">\n\t\t\t\t\t<div class=\"elementor-column elementor-col-50 elementor-inner-column elementor-element elementor-element-79431128\" data-id=\"79431128\" data-element_type=\"column\">\n\t\t\t<div class=\"elementor-widget-wrap elementor-element-populated\">\n\t\t\t\t\t\t<div class=\"elementor-element elementor-element-41893ecd elementor-widget elementor-widget-heading\" data-id=\"41893ecd\" data-element_type=\"widget\" data-widget_type=\"heading.default\">\n\t\t\t\t<div class=\"elementor-widget-container\">\n\t\t\t\t\t<h3 class=\"elementor-heading-title elementor-size-default\">House rules at the Club<\/h3>\t\t\t\t<\/div>\n\t\t\t\t<\/div>\n\t\t\t\t<div class=\"elementor-element elementor-element-29414f56 weight-normal elementor-widget elementor-widget-text-editor\" data-id=\"29414f56\" data-element_type=\"widget\" data-widget_type=\"text-editor.default\">\n\t\t\t\t<div class=\"elementor-widget-container\">\n\t\t\t\t\t\t\t\t\t<p>Here you will find our house rules, which are there to ensure that all guests have a good time and enjoy themselves when they visit us.<\/p><p>On this page you will find the rules that apply to individual guests, groups and to Lily Spa.<\/p>\t\t\t\t\t\t\t\t<\/div>\n\t\t\t\t<\/div>\n\t\t\t\t\t<\/div>\n\t\t<\/div>\n\t\t\t\t<div class=\"elementor-column elementor-col-50 elementor-inner-column elementor-element elementor-element-6249e852\" data-id=\"6249e852\" data-element_type=\"column\">\n\t\t\t<div class=\"elementor-widget-wrap elementor-element-populated\">\n\t\t\t\t\t\t<div class=\"elementor-element elementor-element-404b7bb4 elementor-widget elementor-widget-image\" data-id=\"404b7bb4\" data-element_type=\"widget\" data-widget_type=\"image.default\">\n\t\t\t\t<div class=\"elementor-widget-container\">\n\t\t\t\t\t\t\t\t\t\t\t\t\t\t\t<img fetchpriority=\"high\" decoding=\"async\" width=\"800\" height=\"509\" src=\"https:\/\/lilycountryclub.no\/wp-content\/uploads\/2023\/02\/D5A8963-1024x652.jpg\" class=\"attachment-large size-large wp-image-9534\" alt=\"\" srcset=\"https:\/\/lilycountryclub.no\/wp-content\/uploads\/2023\/02\/D5A8963-1024x652.jpg 1024w, https:\/\/lilycountryclub.no\/wp-content\/uploads\/2023\/02\/D5A8963-300x191.jpg 300w, https:\/\/lilycountryclub.no\/wp-content\/uploads\/2023\/02\/D5A8963-768x489.jpg 768w, https:\/\/lilycountryclub.no\/wp-content\/uploads\/2023\/02\/D5A8963-1536x977.jpg 1536w, https:\/\/lilycountryclub.no\/wp-content\/uploads\/2023\/02\/D5A8963-18x12.jpg 18w, https:\/\/lilycountryclub.no\/wp-content\/uploads\/2023\/02\/D5A8963.jpg 2048w\" sizes=\"(max-width: 800px) 100vw, 800px\" \/>\t\t\t\t\t\t\t\t\t\t\t\t\t\t\t<\/div>\n\t\t\t\t<\/div>\n\t\t\t\t\t<\/div>\n\t\t<\/div>\n\t\t\t\t\t<\/div>\n\t\t<\/section>\n\t\t\t\t\t<\/div>\n\t\t<\/div>\n\t\t\t\t\t<\/div>\n\t\t<\/section>\n\t\t\t\t<section class=\"elementor-section elementor-top-section elementor-element elementor-element-3b6be20 custom-client-section elementor-section-boxed elementor-section-height-default elementor-section-height-default\" data-id=\"3b6be20\" data-element_type=\"section\">\n\t\t\t\t\t\t<div class=\"elementor-container elementor-column-gap-no\">\n\t\t\t\t\t<div class=\"elementor-column elementor-col-100 elementor-top-column elementor-element elementor-element-2919bace\" data-id=\"2919bace\" data-element_type=\"column\">\n\t\t\t<div class=\"elementor-widget-wrap elementor-element-populated\">\n\t\t\t\t\t\t<section class=\"elementor-section elementor-inner-section elementor-element elementor-element-2b02a82c elementor-section-full_width elementor-section-height-default elementor-section-height-default\" data-id=\"2b02a82c\" data-element_type=\"section\" data-settings=\"{&quot;background_background&quot;:&quot;classic&quot;}\">\n\t\t\t\t\t\t<div class=\"elementor-container elementor-column-gap-no\">\n\t\t\t\t\t<div class=\"elementor-column elementor-col-100 elementor-inner-column elementor-element elementor-element-1a1ded13\" data-id=\"1a1ded13\" data-element_type=\"column\">\n\t\t\t<div class=\"elementor-widget-wrap elementor-element-populated\">\n\t\t\t\t\t\t<div class=\"elementor-element elementor-element-43f2960e elementor-widget elementor-widget-heading\" data-id=\"43f2960e\" data-element_type=\"widget\" data-widget_type=\"heading.default\">\n\t\t\t\t<div class=\"elementor-widget-container\">\n\t\t\t\t\t<h3 class=\"elementor-heading-title elementor-size-default\">Individual guests<\/h3>\t\t\t\t<\/div>\n\t\t\t\t<\/div>\n\t\t\t\t<div class=\"elementor-element elementor-element-792f1170 weight-normal elementor-widget elementor-widget-text-editor\" data-id=\"792f1170\" data-element_type=\"widget\" data-widget_type=\"text-editor.default\">\n\t\t\t\t<div class=\"elementor-widget-container\">\n\t\t\t\t\t\t\t\t\t<ul>\n<li>All rooms and common areas are non-smoking. Smoking in rooms and associated balconies is not permitted. <br>Smoking is only permitted in designated areas, ask reception for more information.<\/li>\n<li>It must be night time between 23:00 and 06:00 during this period, only registered guests are allowed to stay in guest rooms.<\/li>\n<li>It is not allowed to enjoy brought alcohol where there is a liquor licence. <br>It is therefore not allowed to enjoy brought alcohol in rooms with minibars or in the hotel&#039;s common areas.<\/li>\n<li>Pets are only allowed by agreement before arrival, there is a fee of NOK 500 per stay (per week).&nbsp;<\/li>\n<li>To book a room at Lily Country Club you must be at least 18 years old, unfortunately minors will not be able to check in.<\/li>\n<\/ul>\n<div>&nbsp;<\/div>\n<p>&nbsp; &nbsp; &nbsp;Violations of house rules are charged with a fee of NOK 5,000 and can in some cases lead to one having to leave the hotel.&nbsp; &nbsp;<\/p>\n<p>&nbsp; &nbsp; &nbsp;The hotel&#039;s common areas are under video surveillance<\/p>\t\t\t\t\t\t\t\t<\/div>\n\t\t\t\t<\/div>\n\t\t\t\t\t<\/div>\n\t\t<\/div>\n\t\t\t\t\t<\/div>\n\t\t<\/section>\n\t\t\t\t\t<\/div>\n\t\t<\/div>\n\t\t\t\t\t<\/div>\n\t\t<\/section>\n\t\t\t\t<section class=\"elementor-section elementor-top-section elementor-element elementor-element-42bdd0aa custom-client-section elementor-section-boxed elementor-section-height-default elementor-section-height-default\" data-id=\"42bdd0aa\" data-element_type=\"section\">\n\t\t\t\t\t\t<div class=\"elementor-container elementor-column-gap-no\">\n\t\t\t\t\t<div class=\"elementor-column elementor-col-100 elementor-top-column elementor-element elementor-element-1451f9e8\" data-id=\"1451f9e8\" data-element_type=\"column\">\n\t\t\t<div class=\"elementor-widget-wrap elementor-element-populated\">\n\t\t\t\t\t\t<section class=\"elementor-section elementor-inner-section elementor-element elementor-element-65d01fe1 elementor-section-full_width elementor-section-height-default elementor-section-height-default\" data-id=\"65d01fe1\" data-element_type=\"section\" data-settings=\"{&quot;background_background&quot;:&quot;classic&quot;}\">\n\t\t\t\t\t\t<div class=\"elementor-container elementor-column-gap-no\">\n\t\t\t\t\t<div class=\"elementor-column elementor-col-100 elementor-inner-column elementor-element elementor-element-7c74ca9a\" data-id=\"7c74ca9a\" data-element_type=\"column\">\n\t\t\t<div class=\"elementor-widget-wrap elementor-element-populated\">\n\t\t\t\t\t\t<div class=\"elementor-element elementor-element-585d90a elementor-widget elementor-widget-heading\" data-id=\"585d90a\" data-element_type=\"widget\" data-widget_type=\"heading.default\">\n\t\t\t\t<div class=\"elementor-widget-container\">\n\t\t\t\t\t<h3 class=\"elementor-heading-title elementor-size-default\">Lily Spa<\/h3>\t\t\t\t<\/div>\n\t\t\t\t<\/div>\n\t\t\t\t<div class=\"elementor-element elementor-element-4811add9 weight-normal elementor-widget elementor-widget-text-editor\" data-id=\"4811add9\" data-element_type=\"widget\" data-widget_type=\"text-editor.default\">\n\t\t\t\t<div class=\"elementor-widget-container\">\n\t\t\t\t\t\t\t\t\t<p><span style=\"background-color: transparent; letter-spacing: var( --e-global-typography-4e00a86-letter-spacing ); word-spacing: var( --e-global-typography-4e00a86-word-spacing );\">The age limit in the spa is 16 years. Persons under the age of 18 must be accompanied by an adult.\u00a0 \u00a0<\/span><\/p><p><strong>WARDROBE AND SPA<\/strong><\/p><ul><li>Personal belongings must be kept in wardrobes, if you are a guest we recommend that you leave all valuables in the room. Lily Spa is not responsible for theft, damage or loss of property<\/li><li>It is not permitted to use mobile phones, film or take pictures in the spa<\/li><li>Any inappropriate behavior is not permitted and will result in expulsion<\/li><li>Snuff or smoking is not permitted in the Lily Spa<\/li><li>Swimwear is mandatory in the Spa. If you have forgotten your swimwear, it can be bought in our spa shop.<\/li><li>Bringing in drinks or food is not permitted in the Lily Spa. <br \/>If you want something to drink, it is possible to buy this in the bar.<\/li><li>At the end of the spa stay, please return the wristband if you received it at the entrance. It can be placed in used bowls or delivered at reception.<\/li><\/ul><div>\u00a0<\/div><div><div><b>HYGIENE RULES<br \/><br \/><\/b><\/div><ul><li>Shower without swimwear before entering the spa department. Soap and shampoo are available in all showers in the changing rooms.<\/li><li>After a trip to the sauna or steam room, you must shower and rinse your swimwear thoroughly.<\/li><li>Use a towel or peshtemal in our saunas to sit or lie on, so that your skin and feet do not come into contact with the wood\u00a0<\/li><li>In steam baths with tiled benches, you must rinse the bench with the water hose before and after use.\u00a0<\/li><\/ul><div>\u00a0<\/div><div><b>RULES OF WELL-BEING<br \/><br \/><\/b><\/div><ul><li>Show consideration for other guests in the spa as most are here to find peace and relax. There is zero tolerance for shouting, plunging or other disturbances of the spa&#039;s tranquility<\/li><li>Familiarize yourself with our sauna rituals and other activities\/facilities to get the most out of your spa stay.\u00a0\u00a0<\/li><li>Follow the instructions from the Spa team throughout your journey at Lily Spa, and ask if there is anything you are wondering about.\u00a0<\/li><\/ul><\/div><div>\u00a0<\/div><div>\u00a0<\/div><div>\u00a0<\/div>\t\t\t\t\t\t\t\t<\/div>\n\t\t\t\t<\/div>\n\t\t\t\t\t<\/div>\n\t\t<\/div>\n\t\t\t\t\t<\/div>\n\t\t<\/section>\n\t\t\t\t\t<\/div>\n\t\t<\/div>\n\t\t\t\t\t<\/div>\n\t\t<\/section>\n\t\t\t\t<\/div>","protected":false},"excerpt":{"rendered":"<p>Husregler Klubben p\u00e5 landet Husregler p\u00e5 Klubben Her finner du v\u00e5re husregler som er til for \u00e5 sikre at alle gjester har det bra og trives n\u00e5r de bes\u00f8ker oss. P\u00e5 denne siden finnes reglene som gjelder for individuelle gjester, grupper og for Lily Spa. Individuelle gjester Alle rom og fellesomr\u00e5der er r\u00f8ykfrie. R\u00f8yking p\u00e5 [&hellip;]<\/p>","protected":false},"author":15,"featured_media":0,"parent":0,"menu_order":0,"comment_status":"closed","ping_status":"closed","template":"elementor_header_footer","meta":{"_acf_changed":false,"footnotes":""},"categories":[],"tags":[],"class_list":["post-9527","page","type-page","status-publish","hentry"],"acf":[],"_links":{"self":[{"href":"https:\/\/lilycountryclub.no\/en\/wp-json\/wp\/v2\/pages\/9527","targetHints":{"allow":["GET"]}}],"collection":[{"href":"https:\/\/lilycountryclub.no\/en\/wp-json\/wp\/v2\/pages"}],"about":[{"href":"https:\/\/lilycountryclub.no\/en\/wp-json\/wp\/v2\/types\/page"}],"author":[{"embeddable":true,"href":"https:\/\/lilycountryclub.no\/en\/wp-json\/wp\/v2\/users\/15"}],"replies":[{"embeddable":true,"href":"https:\/\/lilycountryclub.no\/en\/wp-json\/wp\/v2\/comments?post=9527"}],"version-history":[{"count":41,"href":"https:\/\/lilycountryclub.no\/en\/wp-json\/wp\/v2\/pages\/9527\/revisions"}],"predecessor-version":[{"id":12812,"href":"https:\/\/lilycountryclub.no\/en\/wp-json\/wp\/v2\/pages\/9527\/revisions\/12812"}],"wp:attachment":[{"href":"https:\/\/lilycountryclub.no\/en\/wp-json\/wp\/v2\/media?parent=9527"}],"wp:term":[{"taxonomy":"category","embeddable":true,"href":"https:\/\/lilycountryclub.no\/en\/wp-json\/wp\/v2\/categories?post=9527"},{"taxonomy":"post_tag","embeddable":true,"href":"https:\/\/lilycountryclub.no\/en\/wp-json\/wp\/v2\/tags?post=9527"}],"curies":[{"name":"wp","href":"https:\/\/api.w.org\/{rel}","templated":true}]}}